{"id":13497,"date":"2026-04-23T12:25:21","date_gmt":"2026-04-23T17:25:21","guid":{"rendered":"https:\/\/colsanjoc.edu.co\/web\/?page_id=13497"},"modified":"2026-04-23T16:13:52","modified_gmt":"2026-04-23T21:13:52","slug":"el-periodico-estudiantil-joseista","status":"publish","type":"page","link":"https:\/\/colsanjoc.edu.co\/web\/el-periodico-estudiantil-joseista\/","title":{"rendered":"Jose\u00edsta al d\u00eda edici\u00f3n abril 2026"},"content":{"rendered":"<div class=\"_df_book df-lite\" id=\"df_13494\"  _slug=\"primera-edicion-abril-del-2026\" data-title=\"joseista-al-dia-edicion-abril-2026\" wpoptions=\"true\" thumbtype=\"\" ><\/div><script class=\"df-shortcode-script\" nowprocket type=\"application\/javascript\">window.option_df_13494 = {\"outline\":[],\"autoEnableOutline\":\"false\",\"autoEnableThumbnail\":\"false\",\"overwritePDFOutline\":\"false\",\"direction\":\"1\",\"pageSize\":\"0\",\"source\":\"https:\\\/\\\/colsanjoc.edu.co\\\/web\\\/wp-content\\\/uploads\\\/2026\\\/04\\\/Periodico-estudiantil-joseista-al-dia-1.pdf\",\"wpOptions\":\"true\"}; if(window.DFLIP && window.DFLIP.parseBooks){window.DFLIP.parseBooks();}<\/script>\n","protected":false},"excerpt":{"rendered":"","protected":false},"author":1,"featured_media":0,"parent":0,"menu_order":0,"comment_status":"closed","ping_status":"closed","template":"","meta":{"footnotes":""},"class_list":["post-13497","page","type-page","status-publish","hentry"],"_links":{"self":[{"href":"https:\/\/colsanjoc.edu.co\/web\/wp-json\/wp\/v2\/pages\/13497","targetHints":{"allow":["GET"]}}],"collection":[{"href":"https:\/\/colsanjoc.edu.co\/web\/wp-json\/wp\/v2\/pages"}],"about":[{"href":"https:\/\/colsanjoc.edu.co\/web\/wp-json\/wp\/v2\/types\/page"}],"author":[{"embeddable":true,"href":"https:\/\/colsanjoc.edu.co\/web\/wp-json\/wp\/v2\/users\/1"}],"replies":[{"embeddable":true,"href":"https:\/\/colsanjoc.edu.co\/web\/wp-json\/wp\/v2\/comments?post=13497"}],"version-history":[{"count":3,"href":"https:\/\/colsanjoc.edu.co\/web\/wp-json\/wp\/v2\/pages\/13497\/revisions"}],"predecessor-version":[{"id":13505,"href":"https:\/\/colsanjoc.edu.co\/web\/wp-json\/wp\/v2\/pages\/13497\/revisions\/13505"}],"wp:attachment":[{"href":"https:\/\/colsanjoc.edu.co\/web\/wp-json\/wp\/v2\/media?parent=13497"}],"curies":[{"name":"wp","href":"https:\/\/api.w.org\/{rel}","templated":true}]}}