{"id":12577,"date":"2024-01-23T16:25:49","date_gmt":"2024-01-23T21:25:49","guid":{"rendered":"https:\/\/colsanjoc.edu.co\/web\/?page_id=12577"},"modified":"2025-11-19T09:54:46","modified_gmt":"2025-11-19T14:54:46","slug":"servicio-social","status":"publish","type":"page","link":"https:\/\/colsanjoc.edu.co\/web\/servicio-social\/","title":{"rendered":"Servicio Social"},"content":{"rendered":"<h2 style=\"text-align: center;\"><strong>QU\u00c9 ES EL SERVICIO SOCIAL ESTUDIANTIL OBLIGATORIO (SSEO)?<\/strong><\/h2>\n<p>Se entiende por <span style=\"color: #993300;\"><strong>Servicio Social<\/strong><\/span>, la pr\u00e1ctica con la comunidad, que deben realizar <strong>los <span style=\"color: #993300;\">Estudiantes de Educaci\u00f3n B\u00e1sica Secundaria y Media T\u00e9cnica<\/span><\/strong>; como <strong>aplicaci\u00f3n de los conocimientos adquiridos a lo largo del proceso Educativo y en procura del desarrollo personal y comunitario<\/strong>, lo cual les permite <strong>adquirir experiencias de las caracter\u00edsticas sociales de su comunidad<\/strong>, esta actividad se hace siguiendo unos lineamientos o pautas que se establecen entre la instituci\u00f3n educativa, los estudiantes y las instituciones beneficiarias del servicio, adem\u00e1s de lo estipulado en la ley general de Educaci\u00f3n, Ley 115 de 1994 y el Decreto 1860.<\/p>\n<p><strong>El<span style=\"color: #993300;\">servicio social estudiantil obligatorio<\/span> tiene como prop\u00f3sito fundamental el integrar a la vida comunitaria al educando del nivel de <span style=\"color: #993300;\">educaci\u00f3n media acad\u00e9mica o t\u00e9cnica<\/span><\/strong>, con el fin de contribuir a su formaci\u00f3n social y cultural, a trav\u00e9s de actividades que tiendan al desarrollo de valores, especialmente, la solidaridad, la participaci\u00f3n, la protecci\u00f3n, conservaci\u00f3n y mejoramiento del ambiente, la dignidad, sentido del trabajo y el adecuado uso del tiempo libre.<\/p>\n<p>El <span style=\"color: #993300;\"><strong>servicio social estudiantil obligatorio<\/strong><\/span> hace <strong>parte integral del curr\u00edculo y por ende del proyecto educativo institucional del establecimiento educativo<\/strong>. Por lo anterior es <strong><span style=\"color: #993300;\">requisito indispensable para la obtenci\u00f3n del t\u00edtulo de bachiller<\/span><\/strong>, de conformidad con lo dispuesto en el art\u00edculo 11 del Decreto 1860 de 1994, en armon\u00eda con el art\u00edculo 88 de la Ley 115 de 1994.<\/p>\n<ul>\n<li>Recuerda que son\u00a0<span style=\"color: #993300;\"><strong>80 horas<\/strong><\/span>\u00a0que deben ser <strong><span style=\"color: #993300;\">Certificadas<\/span><\/strong>.<\/li>\n<li>Una vez iniciado el proyecto <strong><span style=\"color: #993300;\">NO<\/span><\/strong> puedes <strong>retirarte de \u00e9l<\/strong>.<\/li>\n<\/ul>\n<p>&nbsp;<\/p>\n<p>&nbsp;<\/p>\n<p>&nbsp;<\/p>\n<h2 class=\"titulo aid-96032 cid-950 page-header\">Resoluci\u00f3n 4210 de Septiembre 12 de 1996<\/h2>\n<p>Por la cual se establece reglas generales para la organizaci\u00f3n y el funcionamiento del servicio social estudiantil obligatorio.<\/p>\n<p>Clik en la imagen para descargar documento completo<\/p>\n<p><a title=\"Ir a Descargar documento completo\" href=\"https:\/\/colsanjoc.edu.co\/web\/wp-content\/uploads\/2024\/01\/reglas-generales-para-la-organizacion-y-el-funcionamiento-del-servicio-social-estudiantil-obligatorio.pdf\" target=\"_blank\" rel=\"noopener\"><img loading=\"lazy\" decoding=\"async\" class=\" mimethumb alignnone\" title=\"Descargar documento completo\" src=\"https:\/\/www.mineducacion.gov.co\/1780\/channels-977_mime_pdf.png\" alt=\"Descargar documento completo\" width=\"61\" height=\"71\" \/><\/a><\/p>\n<p>&nbsp;<\/p>\n<p>&nbsp;<\/p>\n<p>&nbsp;<\/p>\n","protected":false},"excerpt":{"rendered":"<p>QU\u00c9 ES EL SERVICIO SOCIAL ESTUDIANTIL OBLIGATORIO (SSEO)? Se entiende por Servicio Social, la pr\u00e1ctica con la comunidad, que deben realizar los Estudiantes de Educaci\u00f3n B\u00e1sica Secundaria y Media T\u00e9cnica; como aplicaci\u00f3n de los conocimientos adquiridos a lo largo del &hellip; <\/p>\n","protected":false},"author":9,"featured_media":0,"parent":0,"menu_order":0,"comment_status":"closed","ping_status":"closed","template":"..\/public\/views\/revslider-page-template.php","meta":{"footnotes":""},"class_list":["post-12577","page","type-page","status-publish","hentry"],"_links":{"self":[{"href":"https:\/\/colsanjoc.edu.co\/web\/wp-json\/wp\/v2\/pages\/12577","targetHints":{"allow":["GET"]}}],"collection":[{"href":"https:\/\/colsanjoc.edu.co\/web\/wp-json\/wp\/v2\/pages"}],"about":[{"href":"https:\/\/colsanjoc.edu.co\/web\/wp-json\/wp\/v2\/types\/page"}],"author":[{"embeddable":true,"href":"https:\/\/colsanjoc.edu.co\/web\/wp-json\/wp\/v2\/users\/9"}],"replies":[{"embeddable":true,"href":"https:\/\/colsanjoc.edu.co\/web\/wp-json\/wp\/v2\/comments?post=12577"}],"version-history":[{"count":8,"href":"https:\/\/colsanjoc.edu.co\/web\/wp-json\/wp\/v2\/pages\/12577\/revisions"}],"predecessor-version":[{"id":13365,"href":"https:\/\/colsanjoc.edu.co\/web\/wp-json\/wp\/v2\/pages\/12577\/revisions\/13365"}],"wp:attachment":[{"href":"https:\/\/colsanjoc.edu.co\/web\/wp-json\/wp\/v2\/media?parent=12577"}],"curies":[{"name":"wp","href":"https:\/\/api.w.org\/{rel}","templated":true}]}}