{"id":12565,"date":"2024-01-23T16:17:18","date_gmt":"2024-01-23T21:17:18","guid":{"rendered":"https:\/\/colsanjoc.edu.co\/web\/?page_id=12565"},"modified":"2026-01-16T21:13:39","modified_gmt":"2026-01-17T02:13:39","slug":"manual-de-convivencia","status":"publish","type":"page","link":"https:\/\/colsanjoc.edu.co\/web\/manual-de-convivencia\/","title":{"rendered":"Manual de Convivencia"},"content":{"rendered":"<div class=\"wpb-content-wrapper\"><p>[vc_row full_width=&#8221;stretch_row&#8221; css=&#8221;.vc_custom_1524644527304{padding-top: 100px !important;background-image: url(http:\/\/thim.staging.wpengine.com\/demo-vc-react\/wp-content\/uploads\/sites\/50\/2018\/04\/bg_instructor_blur.jpg?id=7518) !important;background-position: center !important;background-repeat: no-repeat !important;background-size: cover !important;}&#8221;][vc_column css=&#8221;.vc_custom_1524105621298{margin-bottom: -165px !important;}&#8221;][vc_text_separator title=&#8221;Manual de Convivencia ColSanJoc&#8221; color=&#8221;orange&#8221; border_width=&#8221;5&#8243;][vc_column_text]Bienvenidos al <strong>Manual de Convivencia de la <span style=\"color: #008000;\">Instituci\u00f3n Educativa Colegio San Jos\u00e9 de C\u00facuta<\/span><\/strong>. Este documento es una gu\u00eda fundamental que establece los principios, normas y procedimientos que <strong>regulan la convivencia<\/strong> dentro de<span style=\"color: #008000;\"><strong> nuestra instituci\u00f3n<\/strong><\/span>. Su <strong><span style=\"color: #993300;\">objetivo<\/span><\/strong> es<strong> promover un ambiente escolar seguro, respetuoso y propicio para el desarrollo integral de todos los miembros de la comunidad educativa<\/strong>.<\/p>\n<p>El <span style=\"color: #008000;\"><strong>Colegio San Jos\u00e9 de C\u00facuta<\/strong><\/span> tiene el compromiso de formar no solo excelentes estudiantes acad\u00e9micos, sino tambi\u00e9n ciudadanos \u00e9ticos y responsables. En este sentido, el Manual de <strong>Convivencia<\/strong> refleja <strong><span style=\"color: #008000;\">nuestros valores institucionales<\/span><\/strong> y define las <strong>pautas de comportamiento<\/strong> que esperamos de todos los miembros de la comunidad educativa.<\/p>\n<p>A lo largo de este manual, encontrar\u00e1n <strong>informaci\u00f3n detallada<\/strong> sobre nuestras <strong>normas de convivencia, derechos y deberes de los estudiantes<\/strong>, procedimientos disciplinarios, recursos de apoyo disponibles y el compromiso de la comunidad educativa para <strong>garantizar<\/strong> un <strong>ambiente escolar positivo y enriquecedor<\/strong>.<\/p>\n<p><strong>Esperamos que este Manual de Convivencia sea una herramienta de referencia \u00fatil para todos<\/strong>, y que juntos podamos trabajar para <strong>mantener un ambiente<\/strong> escolar donde <span style=\"color: #800000;\"><strong>prevalezcan<\/strong><\/span> <strong>el respeto, la responsabilidad y la solidaridad<\/strong>.<\/p>\n<p><span style=\"color: #000000;\"><strong>\u00a1Gracias por su compromiso con la convivencia y el bienestar de nuestra comunidad educativa!<\/strong><\/span>[\/vc_column_text][vc_text_separator title=&#8221;Presentaci\u00f3n&#8221; color=&#8221;green&#8221; border_width=&#8221;5&#8243;][vc_column_text css=&#8221;&#8221;]El <strong>Manual de Convivencia del <span style=\"color: #008000;\">Colegio San Jos\u00e9 de C\u00facuta<\/span><\/strong> se propone alcanzar un ambiente escolar de respeto por nosotros mismos, por los dem\u00e1s, por los medios y recursos de la instituci\u00f3n educativa y por el entorno. Es un acuerdo de la comunidad educativa para que <span style=\"color: #800000;\"><strong>todos nos comprometamos en una sana y propositiva convivencia<\/strong><\/span>, que ayude en el prop\u00f3sito de <strong>ofrecer una educaci\u00f3n de calidad<\/strong>, con <strong>reglas de comportamiento<\/strong> para todos los actores del quehacer institucional, con representantes, espacios y mecanismos de participaci\u00f3n democr\u00e1tica.<\/p>\n<p>Se constituye en una declaraci\u00f3n por el bien com\u00fan, en la que todos participamos y nos sentimos identificados, por cuanto se trata de hacer vigentes los derechos y deberes de la comunidad educativa en un proceso de mejoramiento continuo. No es un listado de cap\u00edtulos y art\u00edculos para cumplir como un requisito. <span style=\"color: #000000;\"><strong>El Manual de Convivencia del Colegio San Jos\u00e9 de C\u00facuta<\/strong><\/span>, es una pauta hacia el entendimiento para producir los cambios deseados en el comportamiento cotidiano y en el funcionamiento de la instituci\u00f3n educativa. Es un medio para la formaci\u00f3n \u00e9tica en un ambiente formativo que privilegie el di\u00e1logo, la participaci\u00f3n y el compromiso libre y aut\u00f3nomo.<\/p>\n<p><span style=\"color: #000000;\">Se <\/span><strong><span style=\"color: #000000;\">estructura en ocho<\/span> <span style=\"color: #800000;\">(8) cap\u00edtulos<\/span>, <span style=\"color: #000000;\">treinta y siete<\/span> <span style=\"color: #800000;\">(38) art\u00edculos<\/span> y tres <span style=\"color: #800000;\">(03) anexos<\/span><\/strong>. <span style=\"color: #000000;\"><strong>Los cap\u00edtulos hacen <\/strong><\/span><span style=\"color: #800000;\"><strong>referencia a los referentes normativos y conceptuales;<\/strong><\/span><strong>perfiles;<\/strong> <strong>derechos, deberes y est\u00edmulos de estudiantes, padres, madres de familia y\/o acudientes, docentes y directivos docentes y personal administrativo<\/strong>; principios rectores de la <strong><span style=\"color: #800000;\">convivencia escolar<\/span><\/strong>, <strong>situaciones, tipificaci\u00f3n y protocolos de atenci\u00f3n<\/strong>; integraci\u00f3n y funcionamiento del<span style=\"color: #000000;\"><strong> gobierno escolar<\/strong><\/span>; sistema de informaci\u00f3n, comunicaci\u00f3n y servicios institucionales; servicio social estudiantil obligatorio y aval, adopci\u00f3n, vigencia, divulgaci\u00f3n y socializaci\u00f3n del <strong><span style=\"color: #800000;\">Manual de Convivencia<\/span><\/strong>.<\/p>\n<p>&nbsp;<\/p>\n<p>&nbsp;<\/p>\n<p>&nbsp;<\/p>\n<p>&nbsp;<\/p>\n<p>[\/vc_column_text][\/vc_column][\/vc_row][vc_row][vc_column width=&#8221;1\/3&#8243;][\/vc_column][vc_column width=&#8221;1\/3&#8243;][vc_column_text css=&#8221;&#8221;]<a href=\"https:\/\/colsanjoc.edu.co\/web\/wp-content\/uploads\/2026\/01\/001-Resolucion-Manual-de-Convivencia-2026.pdf\" target=\"_blank\" rel=\"noopener\">001 Resolucion Manual de Convivencia 2026<\/a><a href=\"https:\/\/colsanjoc.edu.co\/web\/wp-content\/uploads\/2026\/01\/MANUAL-DE-CONVIVENCIA-2026.pdf\" target=\"_blank\" rel=\"noopener\"><img loading=\"lazy\" decoding=\"async\" class=\"aligncenter wp-image-12725\" src=\"https:\/\/colsanjoc.edu.co\/web\/wp-content\/uploads\/2024\/01\/Descarga-el-manual-1-212x300.png\" alt=\"\" width=\"116\" height=\"164\" srcset=\"https:\/\/colsanjoc.edu.co\/web\/wp-content\/uploads\/2024\/01\/Descarga-el-manual-1-212x300.png 212w, https:\/\/colsanjoc.edu.co\/web\/wp-content\/uploads\/2024\/01\/Descarga-el-manual-1-724x1024.png 724w, https:\/\/colsanjoc.edu.co\/web\/wp-content\/uploads\/2024\/01\/Descarga-el-manual-1-768x1086.png 768w, https:\/\/colsanjoc.edu.co\/web\/wp-content\/uploads\/2024\/01\/Descarga-el-manual-1-1086x1536.png 1086w, https:\/\/colsanjoc.edu.co\/web\/wp-content\/uploads\/2024\/01\/Descarga-el-manual-1-1448x2048.png 1448w\" sizes=\"auto, (max-width: 116px) 100vw, 116px\" \/><\/a>[\/vc_column_text][vc_separator color=&#8221;green&#8221; border_width=&#8221;7&#8243; css_animation=&#8221;bounceIn&#8221;][\/vc_column][vc_column width=&#8221;1\/3&#8243;][\/vc_column][\/vc_row]<\/p>\n<\/div>","protected":false},"excerpt":{"rendered":"<p>[vc_row full_width=&#8221;stretch_row&#8221; css=&#8221;.vc_custom_1524644527304{padding-top: 100px !important;background-image: url(http:\/\/thim.staging.wpengine.com\/demo-vc-react\/wp-content\/uploads\/sites\/50\/2018\/04\/bg_instructor_blur.jpg?id=7518) !important;background-position: center !important;background-repeat: no-repeat !important;background-size: cover !important;}&#8221;][vc_column css=&#8221;.vc_custom_1524105621298{margin-bottom: -165px !important;}&#8221;][vc_text_separator title=&#8221;Manual de Convivencia ColSanJoc&#8221; color=&#8221;orange&#8221; border_width=&#8221;5&#8243;][vc_column_text]Bienvenidos al Manual de Convivencia de la Instituci\u00f3n Educativa Colegio San Jos\u00e9 de C\u00facuta. Este documento es una gu\u00eda &hellip; <\/p>\n","protected":false},"author":9,"featured_media":12719,"parent":0,"menu_order":0,"comment_status":"closed","ping_status":"closed","template":"","meta":{"footnotes":""},"class_list":["post-12565","page","type-page","status-publish","has-post-thumbnail","hentry"],"_links":{"self":[{"href":"https:\/\/colsanjoc.edu.co\/web\/wp-json\/wp\/v2\/pages\/12565","targetHints":{"allow":["GET"]}}],"collection":[{"href":"https:\/\/colsanjoc.edu.co\/web\/wp-json\/wp\/v2\/pages"}],"about":[{"href":"https:\/\/colsanjoc.edu.co\/web\/wp-json\/wp\/v2\/types\/page"}],"author":[{"embeddable":true,"href":"https:\/\/colsanjoc.edu.co\/web\/wp-json\/wp\/v2\/users\/9"}],"replies":[{"embeddable":true,"href":"https:\/\/colsanjoc.edu.co\/web\/wp-json\/wp\/v2\/comments?post=12565"}],"version-history":[{"count":33,"href":"https:\/\/colsanjoc.edu.co\/web\/wp-json\/wp\/v2\/pages\/12565\/revisions"}],"predecessor-version":[{"id":13407,"href":"https:\/\/colsanjoc.edu.co\/web\/wp-json\/wp\/v2\/pages\/12565\/revisions\/13407"}],"wp:featuredmedia":[{"embeddable":true,"href":"https:\/\/colsanjoc.edu.co\/web\/wp-json\/wp\/v2\/media\/12719"}],"wp:attachment":[{"href":"https:\/\/colsanjoc.edu.co\/web\/wp-json\/wp\/v2\/media?parent=12565"}],"curies":[{"name":"wp","href":"https:\/\/api.w.org\/{rel}","templated":true}]}}