{"id":11502,"date":"2019-03-21T15:20:48","date_gmt":"2019-03-21T20:20:48","guid":{"rendered":"https:\/\/colsanjoc.edu.co\/web\/?page_id=11502"},"modified":"2026-04-13T17:53:43","modified_gmt":"2026-04-13T22:53:43","slug":"nuestro-colegio","status":"publish","type":"page","link":"https:\/\/colsanjoc.edu.co\/web\/nuestro-colegio\/","title":{"rendered":"Nuestro Colegio"},"content":{"rendered":"<div class=\"wpb-content-wrapper\"><p>[vc_row][vc_column]<div class=\"thim-widget-heading template-base\"><div class=\"sc_heading  text-center\"><h3 style=\"text-transform: uppercase;\" class=\"title\">Informaci\u00f3n <strong>Institucional<\/strong><\/h3><span class=\"line\"><\/span><\/div><\/div>[vc_separator color=\u00bbgreen\u00bb style=\u00bbdouble\u00bb border_width=\u00bb3&#8243;]<div class=\"thim-widget-heading template-base\"><div class=\"sc_heading  text-left\"><h3 class=\"title\"><b>Historia de nuestro Colegio<\/b><\/h3><span class=\"line\"><\/span><\/div><\/div>[vc_tta_tabs][vc_tta_section title=\u00bbLiderazgo Actual\u00bb tab_id=\u00bb1705763478501-f46ab499-982c\u00bb][vc_column_text css=\u00bb\u00bb]<span style=\"vertical-align: inherit;\"><span style=\"vertical-align: inherit;\">En el a\u00f1o 2024, la I<strong>nstituci\u00f3n Educativa San Jos\u00e9 de C\u00facuta<\/strong> se encuentra bajo el liderazgo visionario de nuestra Rectora, <strong>Claudia Johana Torres Gamboa<\/strong>, quien asumi\u00f3 el cargo con un compromiso inquebrantable hacia la excelencia educativa y el desarrollo integral de nuestros estudiantes. Acompa\u00f1ando a la Rectora, contamos con un equipo de coordinadores excepcionales: <strong>Mar\u00eda Isabel Pab\u00f3n Villamizar<\/strong>, <strong>Andersen Rangel Vera, <\/strong><strong>Jos\u00e9 Trinidad Gelvez<\/strong> y <strong>Hender Yesid Ayala Contreras<\/strong>, quienes desempe\u00f1an roles fundamentales en la implementaci\u00f3n de estrategias pedag\u00f3gicas innovadoras.<\/span><\/span>[\/vc_column_text][\/vc_tta_section][vc_tta_section title=\u00bbOr\u00edgenes y Fundaci\u00f3n\u00bb tab_id=\u00bb1705763478515-9e8213c4-4212&#8243;][vc_column_text]<span style=\"vertical-align: inherit;\"><span style=\"vertical-align: inherit;\">La <strong>historia<\/strong> de nuestra <strong><span style=\"color: #008000;\">instituci\u00f3n<\/span><\/strong> se remonta a sus ra\u00edces como respuesta a una necesidad sentida en la sociedad norte santandereana. Desde sus inicios, <span style=\"color: #008000;\"><strong>la instituci\u00f3n<\/strong><\/span> se dedic\u00f3 exclusivamente a la formaci\u00f3n<strong> \u00e9tica, cient\u00edfica y espiritual de ni\u00f1as<\/strong>. Este compromiso inicial buscaba no solo su <strong>cualificaci\u00f3n acad\u00e9mica<\/strong>, sino tambi\u00e9n <strong><span style=\"color: #800000;\">empoderarlas para desempe\u00f1ar roles fundamentales en la construcci\u00f3n de una sociedad nueva<\/span><\/strong>. <strong>La visi\u00f3n<\/strong> era clara: <strong>mujeres forjadoras de familias y emprendedoras en la b\u00fasqueda de una sociedad igualitaria<\/strong>.<\/span><\/span>[\/vc_column_text][\/vc_tta_section][vc_tta_section title=\u00bbIntegraci\u00f3n de Varones y Desarrollo Pedag\u00f3gico\u00bb tab_id=\u00bb1705763961075-e03aa488-d72c\u00bb][vc_column_text]<strong>La segunda<\/strong> etapa marc\u00f3 un <strong>hito<\/strong> significativo <strong>con la llegada de los varones<\/strong>. <strong>Transform\u00e1ndose de <span style=\"color: #800000;\">Departamental Femenino<\/span> a Colegio <span style=\"color: #800000;\">Departamental Integrado de Bachillerato<\/span><\/strong>, la <strong>instituci\u00f3n<\/strong> inici\u00f3 un proceso de <strong>innovaci\u00f3n pedag\u00f3gica integral de g\u00e9nero<\/strong>. Este <strong><span style=\"color: #800000;\">enfoque<\/span><\/strong> buscaba construir, de manera conjunta, una <strong><span style=\"color: #008000;\">formaci\u00f3n acad\u00e9mica y \u00e9tica adaptada a las realidades contempor\u00e1neas de la naci\u00f3n<\/span><\/strong>.[\/vc_column_text][\/vc_tta_section][\/vc_tta_tabs][vc_tta_tabs][vc_tta_section title=\u00bbTransici\u00f3n a la Municipalidad y Cambio de Nombre\u00bb tab_id=\u00bb1705765174798-bb787e06-239c\u00bb][vc_column_text]En el a\u00f1o <span style=\"color: #800000;\"><strong>2007<\/strong><\/span>, un cap\u00edtulo crucial se abri\u00f3 con <strong><span style=\"color: #800000;\">la transici\u00f3n<\/span> del Departamento al Municipio<\/strong>. Este cambio <strong>exig\u00eda eliminar<\/strong> cualquier <strong>connotaci\u00f3n departamental del nombre de la instituci\u00f3n<\/strong>. La <span style=\"color: #000000;\"><strong>comunidad educativa<\/strong><\/span>, <span style=\"color: #800000;\"><strong>guiada<\/strong><\/span> por el entonces <strong>Rector Enrique Caballero Garc\u00eda<\/strong>, emprendi\u00f3 la tit\u00e1nica tarea de darle un nuevo nombre a <span style=\"color: #008000;\"><strong>la Instituci\u00f3n Educativa<\/strong><\/span>, un <span style=\"color: #008000;\"><strong>patrimonio<\/strong><\/span> querido por los cucute\u00f1os. Despu\u00e9s de m\u00faltiples consultas, <strong>la sabia decisi\u00f3n de la comunidad fue formalizada mediante una resoluci\u00f3n emanada de la Secretar\u00eda de Educaci\u00f3n Municipal<\/strong>. <strong><span style=\"color: #008000;\">\u00abSan Jos\u00e9 de C\u00facuta\u00bb<\/span><\/strong> se convirti\u00f3 as\u00ed en el nombre que mejor <strong>reflejaba la identidad y la historia de la instituci\u00f3n<\/strong>.[\/vc_column_text][\/vc_tta_section][vc_tta_section title=\u00bbCompromiso Hacia el Futuro\u00bb tab_id=\u00bb1705765174819-399512bc-bbdc\u00bb][vc_column_text css=\u00bb\u00bb]<strong>En 2024<\/strong>, la <span style=\"color: #008000;\"><strong>Instituci\u00f3n Educativa San Jos\u00e9 de C\u00facuta<\/strong><\/span> se destaca no solo por <strong>su rica historia<\/strong>, sino tambi\u00e9n por su <strong>compromiso<\/strong> continuo con <strong>la calidad educativa y la formaci\u00f3n integral de sus estudiantes<\/strong>. Bajo <span style=\"color: #800000;\"><strong>el liderazgo<\/strong><\/span> de la <strong>Rectora Claudia Johana Torres Gamboa<\/strong> y el <span style=\"color: #800000;\"><strong>valioso aporte de los coordinadores<\/strong><\/span>, nos <strong>embarcamos<\/strong> en una <strong>nueva era educativa<\/strong>, llevando consigo el legado de m\u00e1s de <strong>60 a\u00f1os<\/strong> y mirando hacia el futuro con entusiasmo y dedicaci\u00f3n. <span style=\"color: #008000;\"><strong>\u00a1Bienvenidos a la pr\u00f3xima etapa de nuestro legado educativo!<\/strong><\/span><\/p>\n<p>&nbsp;<\/p>\n<p>En 2024, la <span style=\"color: #008000;\"><strong>Instituci\u00f3n Educativa San Jos\u00e9 de C\u00facuta<\/strong><\/span> se destaca no solo por su rica historia, sino tambi\u00e9n por su compromiso continuo con la <strong>calidad educativa<\/strong> y la <strong>formaci\u00f3n integral<\/strong> de sus estudiantes. Bajo el<strong><span style=\"color: #800000;\"> liderazgo<\/span><\/strong> de la <strong>Rectora Claudia Johana Torres Gamboa<\/strong> y<span style=\"color: #800000;\"><strong> el valioso aporte de los coordinadores<\/strong><\/span>, la instituci\u00f3n se embarca en una nueva era educativa, integrando el desarrollo de <strong>habilidades del siglo XXI<\/strong> y el <strong>pensamiento computacional<\/strong> como pilares fundamentales para preparar a los estudiantes para el mundo moderno.<\/p>\n<p>El pensamiento computacional, una de las habilidades m\u00e1s demandadas en la actualidad, est\u00e1 siendo promovido en toda la instituci\u00f3n como una herramienta clave para resolver problemas de manera l\u00f3gica y estructurada. Adem\u00e1s, la oferta de la <strong>T\u00e9cnica en Sistemas Teleinform\u00e1ticos<\/strong> fortalece esta visi\u00f3n, permitiendo que los estudiantes desarrollen competencias tecnol\u00f3gicas avanzadas, como la programaci\u00f3n, el an\u00e1lisis de datos y la creaci\u00f3n de soluciones innovadoras.<\/p>\n<p>Este enfoque hacia el futuro no solo prepara a los j\u00f3venes en el \u00e1mbito tecnol\u00f3gico, sino que tambi\u00e9n promueve competencias como la <strong>colaboraci\u00f3n<\/strong>, la <strong>creatividad<\/strong>, el <strong>pensamiento cr\u00edtico<\/strong> y la <strong>adaptabilidad<\/strong>, todas esenciales en el entorno global actual. As\u00ed, la Instituci\u00f3n Educativa San Jos\u00e9 de C\u00facuta mira hacia el futuro con entusiasmo y dedicaci\u00f3n, llevando consigo el legado de m\u00e1s de 60 a\u00f1os de historia mientras forma estudiantes capaces de enfrentar los retos del siglo XXI.<\/p>\n<p><strong>\u00a1Bienvenidos a la pr\u00f3xima etapa de nuestro legado educativo!<\/strong>[\/vc_column_text][\/vc_tta_section][\/vc_tta_tabs][\/vc_column][\/vc_row][vc_row][vc_column][vc_separator color=\u00bbgreen\u00bb border_width=\u00bb5&#8243;]<div class=\"thim-widget-heading template-base\"><div class=\"sc_heading  text-center\"><h3 style=\"font-size:35px;font-weight:600;\" class=\"title\">Informaci\u00f3n <strong>Institucional<\/strong><\/h3><\/div><\/div>[\/vc_column][\/vc_row][vc_row css=\u00bb.vc_custom_1553219266128{margin-bottom: 15px !important;}\u00bb][vc_column width=\u00bb5\/12&#8243; css=\u00bb.vc_custom_1553219212365{margin-bottom: 30px !important;}\u00bb][vc_column_text css=\u00bb\u00bb]<\/p>\n<h3 class=\"thim-text-title\"><span style=\"color: #000000;\">Misi\u00f3n<\/span><\/h3>\n<p>Somos una <span style=\"color: #008000;\"><strong>instituci\u00f3n educativa<\/strong><\/span> que <span style=\"color: #800000;\"><strong>forma ni\u00f1os, ni\u00f1as y adolescentes<\/strong> <\/span>en valores, emprendedores, <strong>comprometidos<\/strong> consigo mismos, con la <strong>familia<\/strong>, la <strong>comunidad<\/strong>, la <strong>sociedad<\/strong> y el <strong>medio ambiente<\/strong>, que utiliza <strong>sus conocimientos para transformar<\/strong> el <strong>entorno<\/strong>, <span style=\"color: #800000;\"><strong>respetando<\/strong><\/span> la diferencia.[\/vc_column_text][vc_column_text css=\u00bb\u00bb]<span style=\"color: #000000;\"><strong>SISTEMA INSTITUCIONAL DE EVALUACI\u00d3N ESCOLAR (SIEE).<\/strong><\/span><\/p>\n<p><span style=\"color: #000000;\">En la <span style=\"color: #008000;\">Instituci\u00f3n Educativa San Jos\u00e9 de C\u00facuta<\/span>, <span style=\"color: #800000;\">adoptamos<\/span> <strong>el Sistema Institucional de Evaluaci\u00f3n Escolar (SIEE) 2026,<\/strong> basado en un <strong><span style=\"color: #800000;\">enfoque constructivista e inclusivo<\/span><\/strong>. Este sistema busca valorar el desempe\u00f1o de nuestros estudiantes de manera integral, considerando <span style=\"color: #800000;\">aspectos cognitivos, procedimentales y actitudinales<\/span>. A trav\u00e9s de evaluaciones continuas, estrategias de refuerzo y la participaci\u00f3n activa de la <span style=\"color: #008000;\">comunidad educativa<\/span>, garantizamos un <strong>proceso formativo justo y adaptado a las necesidades de cada estudiante<\/strong>.<\/span><\/p>\n<ul>\n<li><a href=\"https:\/\/colsanjoc.edu.co\/web\/wp-content\/uploads\/2026\/01\/DOCUMENTO-SIEE-2026.pdf\" target=\"_blank\" rel=\"noopener\">DOCUMENTO SIEE 2026<\/a><\/li>\n<li><a href=\"https:\/\/colsanjoc.edu.co\/web\/wp-content\/uploads\/2026\/01\/002-Resolucion-SIEE-2026.pdf\" target=\"_blank\" rel=\"noopener\">002 Resolucion SIEE 2026<\/a><\/li>\n<\/ul>\n<p>[\/vc_column_text][\/vc_column][vc_column width=\u00bb7\/12&#8243; css=\u00bb.vc_custom_1553219224890{margin-bottom: 30px !important;}\u00bb][vc_column_text css=\u00bb\u00bb]<\/p>\n<h3 class=\"thim-text-title\"><span style=\"color: #000000;\"><strong>Visi\u00f3n<\/strong><\/span><\/h3>\n<p>Para el a\u00f1o 2030 la <span style=\"color: #008000;\"><strong>instituci\u00f3n educativa Colegio San Jos\u00e9 de C\u00facuta<\/strong> <\/span>ser\u00e1 reconocida por la <strong>formaci\u00f3n de personas competentes y l\u00edderes que aporten sus conocimientos<\/strong>, <strong><span style=\"color: #008000;\">habilidades<\/span><\/strong> y <span style=\"color: #008000;\"><strong>valores<\/strong><\/span> para la <strong>transformaci\u00f3n de su entorno<\/strong> y la sociedad <span style=\"color: #008000;\"><strong>mejorando as\u00ed su calidad de vida<\/strong><\/span>.[\/vc_column_text][vc_column_text css=\u00bb\u00bb]<span style=\"color: #000000;\"><strong>MANUAL DE CONVIVENCIA ESCOLAR<\/strong><\/span><\/p>\n<p>El <strong><span style=\"color: #800000;\">Manual de Convivencia<\/span><\/strong> del <strong><span style=\"color: #008000;\">Colegio San Jos\u00e9 de C\u00facuta<\/span> <\/strong><span style=\"color: #000000;\">establece las normas y principios que gu\u00edan nuestras relaciones dentro de la<\/span> <span style=\"color: #008000;\">comunidad educativa<\/span>, <span style=\"color: #000000;\"><strong>promoviendo el respeto<\/strong>, <strong>la responsabilidad y la participaci\u00f3n activa<\/strong>. A trav\u00e9s de este documento,<\/span> <span style=\"color: #008000;\">buscamos fortalecer los valores y las actitudes que fomentan una convivencia sana, segura y respetuosa.<\/span> <span style=\"color: #000000;\">Todos los miembros de la<\/span> <span style=\"color: #008000;\">comunidad<\/span>,<span style=\"color: #000000;\"> incluyendo estudiantes, padres y docentes, est\u00e1n comprometidos en contribuir a un ambiente que favorezca el <strong>desarrollo integral de cada individuo.<\/strong><\/span><\/p>\n<p>&nbsp;<\/p>\n<ul>\n<li><a href=\"https:\/\/colsanjoc.edu.co\/web\/wp-content\/uploads\/2026\/01\/MANUAL-DE-CONVIVENCIA-2026.pdf\" target=\"_blank\" rel=\"noopener\">MANUAL DE CONVIVENCIA 2026<\/a><\/li>\n<li><a href=\"https:\/\/colsanjoc.edu.co\/web\/wp-content\/uploads\/2026\/01\/001-Resolucion-Manual-de-Convivencia-2026.pdf\" target=\"_blank\" rel=\"noopener\">001 Resolucion Manual de Convivencia 2026<\/a><\/li>\n<\/ul>\n<p>[\/vc_column_text][vc_column_text css=\u00bb\u00bb]<span style=\"color: #000000;\"><strong>PROYECTO EDUCATIVO INSTITUCIONAL (PEI) <\/strong><\/span><\/p>\n<p>El <strong><span style=\"color: #800000;\">PROYECTO EDUCATIVO INSTITUCIONAL (PEI) <\/span><\/strong>del <strong><span style=\"color: #008000;\">Colegio San Jos\u00e9 de C\u00facuta<\/span> <\/strong>definen la identidad, la organizaci\u00f3n, los principios, los objetivos, las normas y la forma de gesti\u00f3n de la instituci\u00f3n educativa. Asimismo, expresan su car\u00e1cter propio y los elementos que la distinguen de otras instituciones.<\/p>\n<p><strong>El presente PEI se encuentra en proceso de resignificaci\u00f3n institucional para su actualizaci\u00f3n conforme a las necesidades actuales de la comunidad educativa.<\/strong><\/p>\n<ul>\n<li><a href=\"https:\/\/colsanjoc.edu.co\/web\/wp-content\/uploads\/2026\/04\/PROYECTO-EDUCATIVO-INSTITUCIONAL-2026.pdf\" target=\"_blank\" rel=\"noopener\">PROYECTO EDUCATIVO INSTITUCIONAL (PEI)<\/a><\/li>\n<\/ul>\n<p>[\/vc_column_text][\/vc_column][\/vc_row][vc_row][vc_column][vc_tta_tabs][vc_tta_section title=\u00bbOBJETIVOS Y VALORES\u00bb tab_id=\u00bb1553201553639-a4a157b2-0618&#8243;][vc_column_text]<\/p>\n<h3 class=\"thim-text-title\">Objetivos Institucionales<\/h3>\n<p>&nbsp;<\/p>\n<p>&nbsp;<\/p>\n<p>&nbsp;<\/p>\n<p>&nbsp;<\/p>\n<p>&nbsp;<\/p>\n<p>[\/vc_column_text][vc_separator color=\u00bbgreen\u00bb border_width=\u00bb5&#8243;][\/vc_tta_section][vc_tta_section title=\u00bbFILOSOF\u00cdA Y PRINCIPIOS\u00bb tab_id=\u00bb1553201553661-4cb8a9a4-11b5&#8243;][vc_column_text]<\/p>\n<h2 class=\"thim-text-title\">Filosof\u00eda<\/h2>\n<p>La Filosof\u00eda de la Instituci\u00f3n &#8230;<\/p>\n<ul class=\"thim-list-content\">\n<li><strong>La Cultura, La Ciencia y la Tecnolog\u00eda <\/strong><\/li>\n<\/ul>\n<p>Proyecto Transversal.<\/p>\n<ul class=\"thim-list-content\">\n<li><strong>La Democracia, Ciudadan\u00eda y el Respeto por la Diversidad y la Vida<\/strong><\/li>\n<\/ul>\n<p>Ciencias Sociales, \u00c9tica, Religi\u00f3n.<\/p>\n<ul class=\"thim-list-content\">\n<li><strong>El Cuidado del Ambiente y el Respeto por los Derechos de los Animales<\/strong><\/li>\n<\/ul>\n<p>Ciencias Naturales, Ciencias Sociales, \u00c9tica y Valores, Educaci\u00f3n Religiosa.<\/p>\n<p>&nbsp;<\/p>\n<h2 class=\"thim-text-title\">Principios Institucionales<\/h2>\n<ul>\n<li><strong>AUTONOMIA:<\/strong>Capacidad de discernir y responder por s\u00ed mismo.<\/li>\n<li><strong>LIBERTAD:<\/strong>Para actuar bajo el marco de los deberes y derechos.<\/li>\n<li><strong>DEMOCRACIA:<\/strong> Aporte participativo, pluralista, pol\u00edtico e ideol\u00f3gico en un marco de respeto e igualdad.<\/li>\n<li><strong>PERTENENCIA:<\/strong> Quererse y querer a su familia, al Colegio, a su regi\u00f3n y al pa\u00eds sinti\u00e9ndose\u00a0 orgulloso de s\u00ed mismo y de los dem\u00e1s.<\/li>\n<li><strong>RELIGIOSIDAD:<\/strong>\u00a0El respeto por la libertad de culto y credo religioso.<\/li>\n<li><strong>TOLERANCIA:<\/strong>\u00a0El aceptar al ser humano tal como es, sin herirle o afectarle.<\/li>\n<li><strong>AUTOESTIMA:<\/strong> Valoraci\u00f3n de las propias capacidades de quererse, amarse y evaluarse en todos los momentos de su vida.<\/li>\n<li><strong>ASERTIVIDAD:<\/strong> Capacidad de aprender a decir las cosas tal como son y de decir no o si.<\/li>\n<li><strong>SENSIBILIDAD SOCIAL:<\/strong>\u00a0Asumir actitudes de compromiso y vivencia por las realidades que se presentan alrededor de su vida.<\/li>\n<\/ul>\n<p>[\/vc_column_text][\/vc_tta_section][vc_tta_section title=\u00bbPOL\u00cdTICA Y OBJETIVOS DE CALIDAD\u00bb tab_id=\u00bb1553202116208-8d028f78-28a5&#8243;][vc_column_text]<\/p>\n<h3 class=\"thim-text-title\">Pol\u00edtica de Calidad<\/h3>\n<p>La Instituci\u00f3n Ovy&#8230;<\/p>\n<h3 class=\"thim-text-title\">Objetivos de Calidad<\/h3>\n<ul class=\"thim-list-content\">\n<li>Requisitos y necesidades de los usuarios<\/li>\n<\/ul>\n<p>[\/vc_column_text][\/vc_tta_section][vc_tta_section title=\u00bbENFOQUE PEDAG\u00d3GICO\u00bb tab_id=\u00bb1553203450656-a52e943b-1e54&#8243;][vc_column_text]<\/p>\n<h3 class=\"thim-text-title\">Enfoque Pedag\u00f3gico<\/h3>\n<p>El enfoque pedag\u00f3gic&#8230;[\/vc_column_text][\/vc_tta_section][\/vc_tta_tabs]<div class=\"thim-widget-heading template-base\"><div class=\"sc_heading  text-left\"><h3 class=\"title\"><b>Nuestros Simbolos <\/b><\/h3><span class=\"line\"><\/span><\/div><\/div>[vc_row_inner][vc_column_inner width=\u00bb1\/3&#8243;][vc_column_text]<\/p>\n<h3 style=\"text-align: center;\"><strong>Escudo<\/strong><\/h3>\n<p>&nbsp;<\/p>\n<p><strong><img loading=\"lazy\" decoding=\"async\" class=\" wp-image-12399 aligncenter\" src=\"https:\/\/colsanjoc.edu.co\/web\/wp-content\/uploads\/2024\/01\/escudo_web2-251x300.png\" alt=\"\" width=\"198\" height=\"237\" srcset=\"https:\/\/colsanjoc.edu.co\/web\/wp-content\/uploads\/2024\/01\/escudo_web2-251x300.png 251w, https:\/\/colsanjoc.edu.co\/web\/wp-content\/uploads\/2024\/01\/escudo_web2.png 457w\" sizes=\"auto, (max-width: 198px) 100vw, 198px\" \/>\u00a0<\/strong>[\/vc_column_text][\/vc_column_inner][vc_column_inner width=\u00bb1\/3&#8243;][vc_column_text]<\/p>\n<h3 style=\"text-align: center;\"><strong>Bandera<\/strong><\/h3>\n<p>&nbsp;<\/p>\n<p><img loading=\"lazy\" decoding=\"async\" class=\"size-medium wp-image-12400 aligncenter\" src=\"https:\/\/colsanjoc.edu.co\/web\/wp-content\/uploads\/2024\/01\/Bandera-ColSanJoc2-300x300.png\" alt=\"\" width=\"300\" height=\"300\" srcset=\"https:\/\/colsanjoc.edu.co\/web\/wp-content\/uploads\/2024\/01\/Bandera-ColSanJoc2-300x300.png 300w, https:\/\/colsanjoc.edu.co\/web\/wp-content\/uploads\/2024\/01\/Bandera-ColSanJoc2-1024x1024.png 1024w, https:\/\/colsanjoc.edu.co\/web\/wp-content\/uploads\/2024\/01\/Bandera-ColSanJoc2-150x150.png 150w, https:\/\/colsanjoc.edu.co\/web\/wp-content\/uploads\/2024\/01\/Bandera-ColSanJoc2-768x768.png 768w, https:\/\/colsanjoc.edu.co\/web\/wp-content\/uploads\/2024\/01\/Bandera-ColSanJoc2-1536x1536.png 1536w, https:\/\/colsanjoc.edu.co\/web\/wp-content\/uploads\/2024\/01\/Bandera-ColSanJoc2-2048x2048.png 2048w\" sizes=\"auto, (max-width: 300px) 100vw, 300px\" \/>[\/vc_column_text][\/vc_column_inner][vc_column_inner width=\u00bb1\/3&#8243;][vc_column_text css=\u00bb.vc_custom_1706130115228{border-radius: 1px !important;}\u00bb]<\/p>\n<h3 style=\"text-align: center;\"><strong>Himno<\/strong><\/h3>\n<p>&nbsp;<\/p>\n<p>&nbsp;<\/p>\n<div style=\"width: 640px;\" class=\"wp-video\"><video class=\"wp-video-shortcode\" id=\"video-11502-1\" width=\"640\" height=\"360\" preload=\"metadata\" controls=\"controls\"><source type=\"video\/mp4\" src=\"https:\/\/colsanjoc.edu.co\/web\/wp-content\/uploads\/2024\/01\/himno-colegio-san-Jose-de-cucuta-Ok.mp4?_=1\" \/><a href=\"https:\/\/colsanjoc.edu.co\/web\/wp-content\/uploads\/2024\/01\/himno-colegio-san-Jose-de-cucuta-Ok.mp4\">https:\/\/colsanjoc.edu.co\/web\/wp-content\/uploads\/2024\/01\/himno-colegio-san-Jose-de-cucuta-Ok.mp4<\/a><\/video><\/div>\n<p>[\/vc_column_text][\/vc_column_inner][\/vc_row_inner][\/vc_column][\/vc_row]<\/p>\n<\/div>","protected":false},"excerpt":{"rendered":"<p>[vc_row][vc_column][vc_separator color=\u00bbgreen\u00bb style=\u00bbdouble\u00bb border_width=\u00bb3&#8243;][vc_tta_tabs][vc_tta_section title=\u00bbLiderazgo Actual\u00bb tab_id=\u00bb1705763478501-f46ab499-982c\u00bb][vc_column_text css=\u00bb\u00bb]En el a\u00f1o 2024, la Instituci\u00f3n Educativa San Jos\u00e9 de C\u00facuta se encuentra bajo el liderazgo visionario de nuestra Rectora, Claudia Johana Torres Gamboa, quien asumi\u00f3 el cargo con un compromiso inquebrantable hacia &hellip; <\/p>\n","protected":false},"author":1,"featured_media":0,"parent":0,"menu_order":0,"comment_status":"closed","ping_status":"closed","template":"","meta":{"footnotes":""},"class_list":["post-11502","page","type-page","status-publish","hentry"],"_links":{"self":[{"href":"https:\/\/colsanjoc.edu.co\/web\/wp-json\/wp\/v2\/pages\/11502","targetHints":{"allow":["GET"]}}],"collection":[{"href":"https:\/\/colsanjoc.edu.co\/web\/wp-json\/wp\/v2\/pages"}],"about":[{"href":"https:\/\/colsanjoc.edu.co\/web\/wp-json\/wp\/v2\/types\/page"}],"author":[{"embeddable":true,"href":"https:\/\/colsanjoc.edu.co\/web\/wp-json\/wp\/v2\/users\/1"}],"replies":[{"embeddable":true,"href":"https:\/\/colsanjoc.edu.co\/web\/wp-json\/wp\/v2\/comments?post=11502"}],"version-history":[{"count":53,"href":"https:\/\/colsanjoc.edu.co\/web\/wp-json\/wp\/v2\/pages\/11502\/revisions"}],"predecessor-version":[{"id":13490,"href":"https:\/\/colsanjoc.edu.co\/web\/wp-json\/wp\/v2\/pages\/11502\/revisions\/13490"}],"wp:attachment":[{"href":"https:\/\/colsanjoc.edu.co\/web\/wp-json\/wp\/v2\/media?parent=11502"}],"curies":[{"name":"wp","href":"https:\/\/api.w.org\/{rel}","templated":true}]}}