{"id":11106,"date":"2019-01-29T21:15:51","date_gmt":"2019-01-29T21:15:51","guid":{"rendered":"https:\/\/colsanjoc.edu.co\/web\/?page_id=11106"},"modified":"2025-03-21T00:16:54","modified_gmt":"2025-03-21T05:16:54","slug":"egresados","status":"publish","type":"page","link":"https:\/\/colsanjoc.edu.co\/web\/egresados\/","title":{"rendered":"Egresados ColSanJoc"},"content":{"rendered":"<div class=\"wpb-content-wrapper\"><p>[vc_row][vc_column][vc_column_text css=\u00bb\u00bb]<\/p>\n<h3 style=\"text-align: center;\"><span style=\"color: #000000;\">\u00a1Bienvenidos a su Alma Mater!<\/span><\/h3>\n<h3 style=\"text-align: center;\"><span style=\"color: #000000;\">Egresados del ColSanJoc en la P\u00e1gina Oficial del <span style=\"color: #008000;\">Colegio San Jos\u00e9!<\/span><\/span><\/h3>\n<p data-start=\"75\" data-end=\"135\"><strong data-start=\"75\" data-end=\"133\">Queridos Egresados del ColSanJoc, \u00a1Bienvenidos a Casa!<\/strong><\/p>\n<p data-start=\"137\" data-end=\"319\">Es un honor y un verdadero placer darles la bienvenida a este espacio virtual, donde los recuerdos del pasado se entrelazan con el presente vibrante de nuestra querida<strong><span style=\"color: #008000;\"> instituci\u00f3n.<\/span><\/strong><\/p>\n<p data-start=\"321\" data-end=\"634\"><strong>Como rectora<\/strong>, me complace extenderles <strong>un c\u00e1lido saludo<\/strong> a cada uno de ustedes, quienes <strong>han dejado una huella imborrable<\/strong> en la historia del <strong><span style=\"color: #008000;\">Colegio San Jos\u00e9 de C\u00facuta.<\/span> <span style=\"color: #993300;\">Su paso por nuestras aulas no solo marc\u00f3 sus vidas, sino que tambi\u00e9n contribuy\u00f3 a forjar la identidad y el legado de nuestra comunidad educativa.<\/span><\/strong><\/p>\n<p data-start=\"636\" data-end=\"841\">M\u00e1s que un portal en l\u00ednea, esta p\u00e1gina web es un punto de <strong>encuentro para celebrar sus logros, mantenerlos informados sobre eventos y noticias, y fortalecer los lazos que nos unen como familia <span style=\"color: #008000;\">ColSanJoc.<\/span><\/strong><\/p>\n<p data-start=\"843\" data-end=\"1092\">Los invito a explorar este espacio, <span style=\"color: #993300;\"><strong>reconectar con sus compa\u00f1eros y revivir los momentos que han hecho de este colegio su segundo hogar<\/strong><\/span>. <strong>Su participaci\u00f3n sigue siendo clave para enriquecer nuestra comunidad y mantener vivo el esp\u00edritu que nos une.<\/strong><\/p>\n<p style=\"text-align: center;\" data-start=\"1094\" data-end=\"1179\"><strong data-start=\"1094\" data-end=\"1177\">\u00a1Bienvenidos de nuevo! Nos emociona seguir compartiendo este viaje con ustedes.<\/strong><\/p>\n<p>Atentamente,<\/p>\n<p><strong>Claudia Johana Torres Gamboa<\/strong><\/p>\n<p>Rectora <strong><span style=\"color: #008000;\">Instituci\u00f3n Educativa Colegio San Jos\u00e9 de C\u00facuta<\/span><\/strong>[\/vc_column_text][vc_text_separator title=\u00bbGaleria de Imagenes Egresados ColSanJoc\u00bb color=\u00bbsandy_brown\u00bb border_width=\u00bb4&#8243;][\/vc_column][\/vc_row][vc_row][vc_column width=\u00bb1\/3&#8243;][\/vc_column][vc_column width=\u00bb1\/3&#8243;][vc_images_carousel images=\u00bb13276,13284,13285,13288,13289,13290,13291,13293,13294&#8243; img_size=\u00bb420 x 350&#8243; speed=\u00bb1000&#8243; autoplay=\u00bbyes\u00bb css=\u00bb\u00bb title=\u00bbEgresados Orgullo ColSanJoc\u00bb][\/vc_column][vc_column width=\u00bb1\/3&#8243;][\/vc_column][\/vc_row][vc_row][vc_column][vc_text_separator title=\u00bbActualizacion de Datos\u00bb i_type=\u00bblinecons\u00bb i_color=\u00bbgreen\u00bb color=\u00bbsandy_brown\u00bb border_width=\u00bb5&#8243; add_icon=\u00bbtrue\u00bb][vc_column_text css=\u00bb\u00bb]<\/p>\n<p data-start=\"86\" data-end=\"126\"><strong data-start=\"86\" data-end=\"124\">\u00a1Queridos <span style=\"color: #800000;\">Egresados<\/span> del <span style=\"color: #008000;\">COLSANJOC!<\/span><\/strong><\/p>\n<p data-start=\"128\" data-end=\"401\">Reciban un c\u00e1lido saludo. Como <strong>rectora<\/strong> del <strong><span style=\"color: #008000;\">Colegio San Jos\u00e9 de C\u00facuta<\/span><\/strong>, espero que este mensaje les encuentre bien. Me complace invitarlos a participar en nuestro <strong data-start=\"290\" data-end=\"330\">Formulario de Actualizaci\u00f3n de Datos<\/strong>, una <span style=\"color: #993300;\"><strong>herramienta clave para fortalecer nuestra conexi\u00f3n con ustedes.<\/strong><\/span><\/p>\n<p data-start=\"403\" data-end=\"588\">Su v\u00ednculo con el <strong><span style=\"color: #008000;\">colegio<\/span><\/strong> sigue siendo invaluable, y a trav\u00e9s de este formulario <strong>podremos mantenernos en contacto, compartir noticias y celebrar sus logros personales y profesionales.<\/strong><\/p>\n<p data-start=\"590\" data-end=\"825\">Sabemos que la vida nos lleva por distintos caminos, pero el esp\u00edritu de nuestra comunidad sigue vivo en cada uno de ustedes. <strong>Cada historia, cada experiencia y cada \u00e9xito forman parte del legado de<span style=\"color: #993300;\"> nuestra gran familia<\/span> <span style=\"color: #008000;\">COLSANJOC<\/span><\/strong>.<\/p>\n<p data-start=\"827\" data-end=\"1102\">Les animo a compartir sus trayectorias, sue\u00f1os alcanzados y desaf\u00edos superados. <span style=\"color: #993300;\">Sus experiencias enriquecen nuestra historia y sirven de inspiraci\u00f3n para las generaciones futuras<\/span>. Juntos, seguiremos construyendo y fortaleciendo el legado del <strong><span style=\"color: #008000;\">Colegio San Jos\u00e9 de C\u00facuta<\/span><\/strong>.<\/p>\n<p data-start=\"1104\" data-end=\"1225\">Agradezco de antemano su participaci\u00f3n y <span style=\"color: #993300;\"><strong>espero con entusiasmo seguir en contacto con ustedes en esta hermosa traves\u00eda<\/strong><\/span>.<\/p>\n<p data-start=\"1227\" data-end=\"1270\"><strong data-start=\"1227\" data-end=\"1268\">\u00a1Siempre ser\u00e1n parte de esta <span style=\"color: #993300;\">Gran familia<\/span>!<\/strong><\/p>\n<p>&nbsp;<\/p>\n<p><strong>Atentamente,<\/strong><\/p>\n<p><strong>Claudia Johana Torres Gamboa<\/strong><\/p>\n<p>Rectora Colegio San Jos\u00e9 de C\u00facuta[\/vc_column_text][vc_text_separator title=\u00bbFormulario Actualizacion de Datos\u00bb color=\u00bbsandy_brown\u00bb border_width=\u00bb4&#8243;][vc_column_text css=\u00bb\u00bb]<\/p>\n<p data-start=\"116\" data-end=\"159\"><strong data-start=\"116\" data-end=\"157\">\ud83d\udce2 \u00a1Atenci\u00f3n, <span style=\"color: #993300;\">egresados<\/span> Jose\u00edstas! \ud83d\udce2<\/strong><\/p>\n<p data-start=\"161\" data-end=\"320\">La <span style=\"color: #008000;\"><strong data-start=\"164\" data-end=\"208\">Instituci\u00f3n Educativa San Jos\u00e9 de C\u00facuta<\/strong><\/span> quiere seguir fortaleciendo el v\u00ednculo con su comunidad de <span style=\"color: #993300;\">egresados<\/span>, creando una red activa y participativa.<\/p>\n<p data-start=\"673\" data-end=\"875\"><span style=\"color: #993300;\">Tu aporte como egresado es fundamental para el crecimiento y desarrollo de nuestra comunidad educativa.<\/span> <strong data-start=\"777\" data-end=\"868\">\u00a1Te invitamos a completar este formulario y seguir siendo parte de la familia <span style=\"color: #008000;\">Jose\u00edsta<\/span>!<\/strong> \ud83d\udc99\ud83d\udcd6<\/p>\n<p data-start=\"877\" data-end=\"937\"><strong data-start=\"939\" data-end=\"992\">#SoyJose\u00edsta #EgresadosJose\u00edstas #FamiliaJose\u00edsta #IngRoca<\/strong><\/p>\n<p data-start=\"877\" data-end=\"937\">\ud83d\udccc <strong data-start=\"880\" data-end=\"900\">Reg\u00edstrate aqu\u00ed:<\/strong> \ud83d\udc49<\/p>\n<p>[\/vc_column_text][vc_column_text css=\u00bb\u00bb]<\/p>\n<div style=\"display: flex; justify-content: center;\"><iframe loading=\"lazy\" src=\"https:\/\/docs.google.com\/forms\/d\/e\/1FAIpQLSfoN_okJFdlupJI8EcnZFaireU0b2nvFJ8QQL9MYLwCUpQ9Dg\/viewform?embedded=true\" width=\"640\" height=\"1417\" frameborder=\"0\" marginwidth=\"0\" marginheight=\"0\"><br \/>\nCargando\u2026<br \/>\n<\/iframe><\/div>\n<p>[\/vc_column_text][\/vc_column][\/vc_row]<\/p>\n<\/div>","protected":false},"excerpt":{"rendered":"<p>[vc_row][vc_column][vc_column_text css=\u00bb\u00bb] \u00a1Bienvenidos a su Alma Mater! Egresados del ColSanJoc en la P\u00e1gina Oficial del Colegio San Jos\u00e9! Queridos Egresados del ColSanJoc, \u00a1Bienvenidos a Casa! Es un honor y un verdadero placer darles la bienvenida a este espacio virtual, donde &hellip; <\/p>\n","protected":false},"author":1,"featured_media":0,"parent":0,"menu_order":0,"comment_status":"closed","ping_status":"closed","template":"","meta":{"footnotes":""},"class_list":["post-11106","page","type-page","status-publish","hentry"],"_links":{"self":[{"href":"https:\/\/colsanjoc.edu.co\/web\/wp-json\/wp\/v2\/pages\/11106","targetHints":{"allow":["GET"]}}],"collection":[{"href":"https:\/\/colsanjoc.edu.co\/web\/wp-json\/wp\/v2\/pages"}],"about":[{"href":"https:\/\/colsanjoc.edu.co\/web\/wp-json\/wp\/v2\/types\/page"}],"author":[{"embeddable":true,"href":"https:\/\/colsanjoc.edu.co\/web\/wp-json\/wp\/v2\/users\/1"}],"replies":[{"embeddable":true,"href":"https:\/\/colsanjoc.edu.co\/web\/wp-json\/wp\/v2\/comments?post=11106"}],"version-history":[{"count":54,"href":"https:\/\/colsanjoc.edu.co\/web\/wp-json\/wp\/v2\/pages\/11106\/revisions"}],"predecessor-version":[{"id":13321,"href":"https:\/\/colsanjoc.edu.co\/web\/wp-json\/wp\/v2\/pages\/11106\/revisions\/13321"}],"wp:attachment":[{"href":"https:\/\/colsanjoc.edu.co\/web\/wp-json\/wp\/v2\/media?parent=11106"}],"curies":[{"name":"wp","href":"https:\/\/api.w.org\/{rel}","templated":true}]}}